{"id":155,"date":"2023-07-03T11:53:48","date_gmt":"2023-07-03T09:53:48","guid":{"rendered":"https:\/\/bcm.digitalia.website\/privacy-policy\/"},"modified":"2025-05-30T18:10:51","modified_gmt":"2025-05-30T16:10:51","slug":"privacy-policy","status":"publish","type":"page","link":"https:\/\/bcm.digitalia.website\/it\/privacy-policy\/","title":{"rendered":"Privacy Policy"},"content":{"rendered":"<div class=\"heading left dark\">\n<h2 class=\"title\"><strong>INFORMATIVA SULLA PRIVACY<\/strong><\/h2>\n<p>&nbsp;<\/p>\n<\/div>\n<div class=\"body-text-default\">Gentile Interessato, desideriamo informarLa che il Regolamento Europeo 2016\/679 relativo alla protezione delle persone fisiche con riguardo al trattamento dei dati personali, nonch\u00e9 alla libera circolazione di tali dati (di seguito &#8220;GDPR&#8221;) prevede la protezione delle persone fisiche con riguardo al trattamento dei dati personali come diritto fondamentale. La informiamo pertanto che:<\/div>\n<div class=\"body-text-default\">\n<p>&nbsp;<\/p>\n<p><strong>A. CATEGORIE DI DATI trattati:<\/strong><\/p>\n<p>a. Dati raccolti automaticamente.<br \/>\nDurante il loro normale funzionamento, i sistemi informatici e le applicazioni preposte al funzionamento di questo sito web acquisiscono alcuni dati (la cui trasmissione \u00e8 implicita nell&#8217;uso dei protocolli di comunicazione di Internet) potenzialmente associabili a utenti identificabili. I dati raccolti includono: indirizzi IP e nomi a dominio dei computer utilizzati dagli utenti che si connettono al sito, indirizzi in notazione URI (Uniform Resource Identifier) delle risorse richieste, orario della richiesta, metodo utilizzato per sottoporre la richiesta al server, dimensione del file ottenuto in risposta, codice numerico indicante lo stato della risposta fornita dal server (esito positivo, errore, ecc.) e altri parametri relativi al sistema operativo, al browser e all\u2019ambiente informatico dell\u2019utente. Questi dati vengono trattati solo per il tempo strettamente necessario e utilizzati al solo fine di ottenere informazioni statistiche anonime sull\u2019uso del sito e per controllarne il corretto funzionamento. Il conferimento di tali dati \u00e8 obbligatorio in quanto direttamente connesso all\u2019esperienza di navigazione web.<\/p>\n<p>b. Dati forniti volontariamente dall\u2019utente.<br \/>\nL\u2019invio volontario ed esplicito di email agli indirizzi indicati nei diversi canali di accesso di questo sito non comporta richiesta di consenso; la compilazione di moduli specifici comporta la successiva acquisizione dell\u2019indirizzo e dei dati del mittente\/utente, necessari per rispondere alle richieste inoltrate e\/o erogare il servizio richiesto. L\u2019invio volontario di email da parte dell\u2019utente ai nostri indirizzi non richiede ulteriori informative o richieste di consenso. Al contrario, specifiche informative di sintesi verranno riportate o visualizzate nelle pagine del sito predisposte per particolari servizi a richiesta (moduli). L\u2019utente deve quindi esplicitamente acconsentire all\u2019utilizzo dei dati inseriti in questi moduli per poter inoltrare la richiesta.<\/p>\n<p>c. Cookie.<br \/>\nQuesto sito non utilizza cookie tecnici o di profilazione di prima o terza parte che raccolgano dati di navigazione dell\u2019utente. Il conferimento di tali dati \u00e8 facoltativo e avviene tramite espressione di consenso libero e informato. I cookie consentono di analizzare l\u2019efficacia del sito web e di renderlo pi\u00f9 semplice e intuitivo nel tempo.<\/p>\n<p>Per maggiori informazioni \u00e8 disponibile una specifica <a href=\"http:\/\/www.bcmilluminazione.com\/en\/cookie\">cookie policy<\/a>.<\/p>\n<p>&nbsp;<\/p>\n<p><strong>B. FONTE DEI DATI PERSONALI:<\/strong><br \/>\nI dati personali in possesso di BCM Illuminazione S.r.l. sono raccolti direttamente presso l\u2019interessato.<\/p>\n<p>&nbsp;<\/p>\n<p><strong>C. TITOLARE DEL TRATTAMENTO:<\/strong><br \/>\nBCM ILLUMINAZIONE S.R.L.<\/p>\n<p>&nbsp;<\/p>\n<p><strong>D. FINALIT\u00c0 E BASE GIURIDICA DEL TRATTAMENTO:<\/strong><br \/>\nLa base giuridica del trattamento dei Suoi dati \u00e8 il consenso da Lei fornito, e il trattamento \u00e8 effettuato per le seguenti finalit\u00e0:<\/p>\n<p>Migliorare l\u2019esperienza di navigazione web.<\/p>\n<p>Utilizzare i dati contenuti nelle email inviate e nei moduli di contatto per fornire risposte alle richieste ricevute.<\/p>\n<p>&nbsp;<\/p>\n<p><strong>G. DESTINATARI DEI DATI:<\/strong><br \/>\nNei limiti delle finalit\u00e0 di trattamento sopra indicate, i Suoi dati potranno essere comunicati a societ\u00e0 di consulenza e a soggetti privati nominati Responsabili del trattamento dal Titolare. I Suoi dati non saranno in alcun modo diffusi. I Responsabili e gli Incaricati del trattamento sono puntualmente individuati nel documento \u201cLinee guida sulla Privacy\u201d, aggiornato periodicamente.<\/p>\n<p>&nbsp;<\/p>\n<p><strong>H. TRASFERIMENTO DEI DATI ALL\u2019ESTERO:<\/strong><br \/>\nI dati raccolti non vengono trasferiti all\u2019estero.<\/p>\n<p>&nbsp;<\/p>\n<p><strong>I. PERIODO DI CONSERVAZIONE:<\/strong><br \/>\nI dati raccolti saranno conservati per un arco di tempo non superiore al necessario per il conseguimento delle finalit\u00e0 per le quali vengono trattati (&#8220;principio di limitazione della conservazione&#8221;, art. 5, GDPR) o secondo le scadenze previste dalla legge. La verifica dell\u2019obsolescenza dei dati conservati in relazione alle finalit\u00e0 per cui sono stati raccolti viene effettuata periodicamente.<\/p>\n<p>&nbsp;<\/p>\n<p><strong>DIRITTI DELL\u2019INTERESSATO:<\/strong><br \/>\nL\u2019interessato ha sempre diritto a richiedere l\u2019accesso ai propri dati, la rettifica o la cancellazione degli stessi, la limitazione del trattamento o la possibilit\u00e0 di opporsi al trattamento, di richiedere la portabilit\u00e0 dei dati, di revocare il consenso al trattamento, esercitando tali e altri diritti previsti dal GDPR mediante semplice comunicazione al Titolare del trattamento. L\u2019interessato pu\u00f2 inoltre proporre reclamo a un\u2019autorit\u00e0 di controllo.<\/p>\n<p>&nbsp;<\/p>\n<p><strong>M. NATURA OBBLIGATORIA O FACOLTATIVA DEL CONFERIMENTO DEI DATI:<\/strong><br \/>\nIl conferimento dei Suoi dati \u00e8 obbligatorio durante la navigazione del nostro sito per quanto riguarda i punti D.1 e D.2 delle finalit\u00e0 sopra indicate, al fine di consentire la corretta erogazione del servizio.<\/p>\n<p>&nbsp;<\/p>\n<p><strong>N. MODALIT\u00c0 DI TRATTAMENTO DEI DATI:<\/strong><br \/>\nI dati personali da Lei forniti saranno trattati nel rispetto della normativa sopra richiamata e degli obblighi di riservatezza previsti dal Titolare. Il trattamento dei dati sar\u00e0 effettuato con strumenti sia informatici che cartacei e con qualsiasi altro supporto idoneo, nel rispetto delle misure di sicurezza previste dall\u2019art. 5 par. 1, lett. F del GDPR.<\/p>\n<\/div>\n","protected":false},"excerpt":{"rendered":"INFORMATIVA SULLA PRIVACY &nbsp; Gentile Interessato, desideriamo informarLa che il Regolamento Europeo 2016\/679 relativo alla protezione delle persone fisiche con riguardo al trattamento dei dati personali, nonch\u00e9 alla libera circolazione di tali dati (di seguito &#8220;GDPR&#8221;) prevede la protezione delle persone fisiche con riguardo al trattamento dei dati personali come diritto fondamentale. La informiamo pertanto&#8230; <a class=\"view-article\" href=\"https:\/\/bcm.digitalia.website\/it\/privacy-policy\/\">View Article<\/a>","protected":false},"author":1,"featured_media":0,"parent":0,"menu_order":1000,"comment_status":"closed","ping_status":"closed","template":"template-demo.php","meta":{"footnotes":""},"class_list":["post-155","page","type-page","status-publish","hentry"],"acf":[],"yoast_head":"<!-- This site is optimized with the Yoast SEO plugin v26.7 - https:\/\/yoast.com\/wordpress\/plugins\/seo\/ -->\n<title>Privacy Policy - BCM: Soluzioni di luce versatili, affidabili e sicure<\/title>\n<meta name=\"robots\" content=\"noindex, nofollow\" \/>\n<meta property=\"og:locale\" content=\"it_IT\" \/>\n<meta property=\"og:type\" content=\"article\" \/>\n<meta property=\"og:title\" content=\"Privacy Policy - BCM: Soluzioni di luce versatili, affidabili e sicure\" \/>\n<meta property=\"og:description\" content=\"INFORMATIVA SULLA PRIVACY &nbsp; Gentile Interessato, desideriamo informarLa che il Regolamento Europeo 2016\/679 relativo alla protezione delle persone fisiche con riguardo al trattamento dei dati personali, nonch\u00e9 alla libera circolazione di tali dati (di seguito &#8220;GDPR&#8221;) prevede la protezione delle persone fisiche con riguardo al trattamento dei dati personali come diritto fondamentale. La informiamo pertanto... View Article\" \/>\n<meta property=\"og:url\" content=\"https:\/\/bcm.digitalia.website\/it\/privacy-policy\/\" \/>\n<meta property=\"og:site_name\" content=\"BCM\" \/>\n<meta property=\"article:modified_time\" content=\"2025-05-30T16:10:51+00:00\" \/>\n<meta name=\"twitter:card\" content=\"summary_large_image\" \/>\n<meta name=\"twitter:label1\" content=\"Tempo di lettura stimato\" \/>\n\t<meta name=\"twitter:data1\" content=\"5 minuti\" \/>\n<script type=\"application\/ld+json\" class=\"yoast-schema-graph\">{\"@context\":\"https:\/\/schema.org\",\"@graph\":[{\"@type\":\"WebPage\",\"@id\":\"https:\/\/bcm.digitalia.website\/it\/privacy-policy\/\",\"url\":\"https:\/\/bcm.digitalia.website\/it\/privacy-policy\/\",\"name\":\"Privacy Policy - BCM: Soluzioni di luce versatili, affidabili e sicure\",\"isPartOf\":{\"@id\":\"https:\/\/bcm.digitalia.website\/it\/#website\"},\"datePublished\":\"2023-07-03T09:53:48+00:00\",\"dateModified\":\"2025-05-30T16:10:51+00:00\",\"breadcrumb\":{\"@id\":\"https:\/\/bcm.digitalia.website\/it\/privacy-policy\/#breadcrumb\"},\"inLanguage\":\"it-IT\",\"potentialAction\":[{\"@type\":\"ReadAction\",\"target\":[\"https:\/\/bcm.digitalia.website\/it\/privacy-policy\/\"]}]},{\"@type\":\"BreadcrumbList\",\"@id\":\"https:\/\/bcm.digitalia.website\/it\/privacy-policy\/#breadcrumb\",\"itemListElement\":[{\"@type\":\"ListItem\",\"position\":1,\"name\":\"Home\",\"item\":\"https:\/\/bcm.digitalia.website\/it\/\"},{\"@type\":\"ListItem\",\"position\":2,\"name\":\"Privacy Policy\"}]},{\"@type\":\"WebSite\",\"@id\":\"https:\/\/bcm.digitalia.website\/it\/#website\",\"url\":\"https:\/\/bcm.digitalia.website\/it\/\",\"name\":\"BCM\",\"description\":\"Illuminazione\",\"potentialAction\":[{\"@type\":\"SearchAction\",\"target\":{\"@type\":\"EntryPoint\",\"urlTemplate\":\"https:\/\/bcm.digitalia.website\/it\/?s={search_term_string}\"},\"query-input\":{\"@type\":\"PropertyValueSpecification\",\"valueRequired\":true,\"valueName\":\"search_term_string\"}}],\"inLanguage\":\"it-IT\"}]}<\/script>\n<!-- \/ Yoast SEO plugin. -->","yoast_head_json":{"title":"Privacy Policy - BCM: Soluzioni di luce versatili, affidabili e sicure","robots":{"index":"noindex","follow":"nofollow"},"og_locale":"it_IT","og_type":"article","og_title":"Privacy Policy - BCM: Soluzioni di luce versatili, affidabili e sicure","og_description":"INFORMATIVA SULLA PRIVACY &nbsp; Gentile Interessato, desideriamo informarLa che il Regolamento Europeo 2016\/679 relativo alla protezione delle persone fisiche con riguardo al trattamento dei dati personali, nonch\u00e9 alla libera circolazione di tali dati (di seguito &#8220;GDPR&#8221;) prevede la protezione delle persone fisiche con riguardo al trattamento dei dati personali come diritto fondamentale. La informiamo pertanto... View Article","og_url":"https:\/\/bcm.digitalia.website\/it\/privacy-policy\/","og_site_name":"BCM","article_modified_time":"2025-05-30T16:10:51+00:00","twitter_card":"summary_large_image","twitter_misc":{"Tempo di lettura stimato":"5 minuti"},"schema":{"@context":"https:\/\/schema.org","@graph":[{"@type":"WebPage","@id":"https:\/\/bcm.digitalia.website\/it\/privacy-policy\/","url":"https:\/\/bcm.digitalia.website\/it\/privacy-policy\/","name":"Privacy Policy - BCM: Soluzioni di luce versatili, affidabili e sicure","isPartOf":{"@id":"https:\/\/bcm.digitalia.website\/it\/#website"},"datePublished":"2023-07-03T09:53:48+00:00","dateModified":"2025-05-30T16:10:51+00:00","breadcrumb":{"@id":"https:\/\/bcm.digitalia.website\/it\/privacy-policy\/#breadcrumb"},"inLanguage":"it-IT","potentialAction":[{"@type":"ReadAction","target":["https:\/\/bcm.digitalia.website\/it\/privacy-policy\/"]}]},{"@type":"BreadcrumbList","@id":"https:\/\/bcm.digitalia.website\/it\/privacy-policy\/#breadcrumb","itemListElement":[{"@type":"ListItem","position":1,"name":"Home","item":"https:\/\/bcm.digitalia.website\/it\/"},{"@type":"ListItem","position":2,"name":"Privacy Policy"}]},{"@type":"WebSite","@id":"https:\/\/bcm.digitalia.website\/it\/#website","url":"https:\/\/bcm.digitalia.website\/it\/","name":"BCM","description":"Illuminazione","potentialAction":[{"@type":"SearchAction","target":{"@type":"EntryPoint","urlTemplate":"https:\/\/bcm.digitalia.website\/it\/?s={search_term_string}"},"query-input":{"@type":"PropertyValueSpecification","valueRequired":true,"valueName":"search_term_string"}}],"inLanguage":"it-IT"}]}},"_links":{"self":[{"href":"https:\/\/bcm.digitalia.website\/it\/wp-json\/wp\/v2\/pages\/155","targetHints":{"allow":["GET"]}}],"collection":[{"href":"https:\/\/bcm.digitalia.website\/it\/wp-json\/wp\/v2\/pages"}],"about":[{"href":"https:\/\/bcm.digitalia.website\/it\/wp-json\/wp\/v2\/types\/page"}],"author":[{"embeddable":true,"href":"https:\/\/bcm.digitalia.website\/it\/wp-json\/wp\/v2\/users\/1"}],"replies":[{"embeddable":true,"href":"https:\/\/bcm.digitalia.website\/it\/wp-json\/wp\/v2\/comments?post=155"}],"version-history":[{"count":3,"href":"https:\/\/bcm.digitalia.website\/it\/wp-json\/wp\/v2\/pages\/155\/revisions"}],"predecessor-version":[{"id":546,"href":"https:\/\/bcm.digitalia.website\/it\/wp-json\/wp\/v2\/pages\/155\/revisions\/546"}],"wp:attachment":[{"href":"https:\/\/bcm.digitalia.website\/it\/wp-json\/wp\/v2\/media?parent=155"}],"curies":[{"name":"wp","href":"https:\/\/api.w.org\/{rel}","templated":true}]}}