{"id":156,"date":"2023-07-03T11:54:12","date_gmt":"2023-07-03T09:54:12","guid":{"rendered":"https:\/\/bcm.digitalia.website\/cookie-policy\/"},"modified":"2025-05-30T18:05:43","modified_gmt":"2025-05-30T16:05:43","slug":"cookie-policy","status":"publish","type":"page","link":"https:\/\/bcm.digitalia.website\/it\/cookie-policy\/","title":{"rendered":"Cookie Policy"},"content":{"rendered":"<div class=\"heading left dark\">\n<h2 class=\"title\"><strong>COSA SONO I COOKIE?<\/strong><\/h2>\n<p>&nbsp;<\/p>\n<\/div>\n<div class=\"body-text-default\">\n<p>I cookie sono piccoli file di testo inviati dal sito web al terminale dell\u2019utente (di solito al browser), dove vengono memorizzati per poi essere ritrasmessi allo stesso sito alla visita successiva dello stesso utente. Un cookie non pu\u00f2 recuperare altri dati dal disco rigido dell\u2019utente, n\u00e9 trasmettere virus informatici o acquisire indirizzi email. Ogni cookie \u00e8 unico per il browser web dell\u2019utente. Alcune funzioni dei cookie possono essere delegate ad altre tecnologie. In questo documento, il termine \u201ccookie\u201d si riferisce sia ai cookie veri e propri che a tecnologie similari.I cookie possono essere utilizzati per memorizzare informazioni relative alle preferenze dell\u2019utente, come le pagine visitate o i file scaricati dal nostro sito, oltre ad altre azioni simili compiute durante la navigazione sul sito.<\/p>\n<p>&nbsp;<\/p>\n<h3 class=\"titolo-big\"><strong>Cookie di prima o di terza parte<\/strong><\/h3>\n<p>I cookie possono essere di prima parte o di terza parte, dove per \u201cprima parte\u201d si intendono i cookie sviluppati dal titolare del sito web, e per \u201cterza parte\u201d quelli sviluppati da soggetti terzi rispetto al titolare del sito.<\/p>\n<p>&nbsp;<\/p>\n<h3 class=\"titolo-big\"><strong>Natura dei cookie<\/strong><\/h3>\n<p>Esistono diversi tipi di cookie:<\/p>\n<p>&nbsp;<\/p>\n<h3 class=\"titolo-big\"><strong>Cookie tecnici<\/strong><\/h3>\n<p>I cookie tecnici vengono utilizzati al solo fine di \u201ceffettuare la trasmissione di una comunicazione su una rete di comunicazione elettronica, o nella misura strettamente necessaria al fornitore di un servizio della societ\u00e0 dell\u2019informazione esplicitamente richiesto dall\u2019abbonato o dall\u2019utente a erogare tale servizio\u201d (vedi art. 122, comma 1, del Codice).<br \/>\nNon vengono utilizzati per scopi ulteriori e sono normalmente installati direttamente dal titolare o gestore del sito web. Si dividono in:<\/p>\n<p>Cookie di navigazione o di sessione, che garantiscono la normale navigazione e fruizione del sito web (per esempio, permettendo di effettuare acquisti o autenticarsi per accedere ad aree riservate). Sono infatti necessari per il corretto funzionamento del sito.<\/p>\n<p>Cookie analytics, assimilati ai cookie tecnici laddove utilizzati direttamente dal gestore del sito per raccogliere informazioni in forma aggregata sul numero degli utenti e su come questi visitano il sito stesso, al fine di migliorarne le prestazioni.<\/p>\n<p>Cookie di funzionalit\u00e0, che permettono all\u2019utente la navigazione in funzione di una serie di criteri selezionati (ad esempio, la lingua, i prodotti selezionati per l\u2019acquisto) al fine di migliorare il servizio reso. L\u2019installazione di tali cookie non richiede il consenso preventivo degli utenti (maggiori informazioni nella sezione \u201cGestione dei cookie\u201d).<\/p>\n<p>&nbsp;<\/p>\n<h3 class=\"titolo-big\"><strong>Cookie di profilazione<\/strong><\/h3>\n<p>I cookie di profilazione vengono utilizzati per creare profili relativi all\u2019utente e per inviare messaggi pubblicitari in linea con le preferenze manifestate dallo stesso durante la navigazione in rete.<br \/>\nPer l\u2019utilizzo dei cookie di profilazione \u00e8 richiesto il consenso dell\u2019interessato. Secondo il Provvedimento n. 229 dell\u20198 maggio 2014, l\u2019utente deve poter autorizzare o negare il consenso all\u2019installazione dei cookie di profilazione, se presenti.<\/p>\n<p>Nel caso di cookie di terza parte, il sito non ha il controllo diretto dei singoli cookie e non pu\u00f2 gestirli (non pu\u00f2 n\u00e9 installarli direttamente, n\u00e9 cancellarli). \u00c8 comunque possibile gestire questi cookie attraverso le impostazioni del browser (seguendo le istruzioni sotto riportate) oppure consultando i siti indicati nella sezione \u201cGestione dei cookie\u201d.<\/p>\n<p>Si invita pertanto l\u2019utente a consultare il sito della terza parte indicata di seguito.<\/p>\n<p>&nbsp;<\/p>\n<h3 class=\"titolo-big\"><strong>Cookie installati su questo sito<\/strong><\/h3>\n<h3 class=\"titolo-big\"><strong>Cookie di sistema<\/strong><\/h3>\n<p>Il nostro sito utilizza cookie per garantire una migliore esperienza di navigazione all\u2019utente. Questi cookie sono essenziali per il corretto funzionamento del sito. \u00c8 possibile disabilitare questi cookie dal browser seguendo le istruzioni fornite di seguito, ma ci\u00f2 comprometter\u00e0 l\u2019esperienza di navigazione e non potremo essere ritenuti responsabili di eventuali malfunzionamenti.<\/p>\n<p>&nbsp;<\/p>\n<h3 class=\"titolo-big\"><strong>Google Analytics<\/strong><\/h3>\n<p>Si tratta di cookie di tracciamento utilizzati per generare statistiche sull\u2019utilizzo del sito web. Google Analytics utilizza cookie che non memorizzano dati personali e che vengono memorizzati sul computer dell\u2019utente per permettere al gestore del sito di analizzare come viene utilizzato il sito stesso. Abbiamo implementato strumenti che riducono il potere identificativo di questi cookie mascherando porzioni significative dell\u2019indirizzo IP dell\u2019utente. Per impedire la memorizzazione di questi cookie di terze parti, l\u2019utente pu\u00f2 scaricare un componente aggiuntivo disponibile al seguente link: <a href=\"https:\/\/tools.google.com\/dlpage\/gaoptout\" target=\"_blank\" rel=\"noopener\">https:\/\/tools.google.com\/dlpage\/gaoptout<\/a><\/p>\n<p>&nbsp;<\/p>\n<h3 class=\"titolo-big\"><strong>Cookie di Polylang<\/strong><\/h3>\n<p>Il nostro sito utilizza i cookie del plugin Polylang, che permettono alla piattaforma di memorizzare la preferenza linguistica selezionata dall\u2019utente, mostrando quindi direttamente il sito nella lingua preferita alla visita successiva. Il cookie, denominato \u201cpll_language\u201d, rileva la lingua dell\u2019ultima pagina aperta tramite il browser e viene conservato per un anno. Per qualsiasi informazione relativa a questo cookie di terza parte, \u00e8 possibile consultare il link: <a href=\"https:\/\/polylang.pro\/legal-notice\/\" target=\"_blank\" rel=\"noopener\">https:\/\/polylang.pro\/legal-notice\/<\/a><br \/>\nIl nostro sito non utilizza cookie di profilazione.<\/p>\n<p>&nbsp;<\/p>\n<h3 class=\"titolo-big\"><strong>Durata dei cookie<\/strong><\/h3>\n<p>I cookie hanno una durata dettata dalla data di scadenza (o da una specifica azione, come la chiusura del browser) impostata al momento dell\u2019installazione. I cookie possono essere: &#8211; Temporanei o di sessione (session cookie): vengono utilizzati per memorizzare informazioni temporanee, per collegare azioni eseguite durante una sessione specifica e vengono rimossi dal computer alla chiusura del browser. &#8211; Permanenti (persistent cookie): vengono utilizzati per memorizzare informazioni come il nome utente e la password, in modo da evitare che l\u2019utente debba reinserirle ogni volta che visita un determinato sito. Rimangono memorizzati sul computer anche dopo la chiusura del browser.<br \/>\nAl contrario, i cookie di sessione vengono eliminati alla chiusura della connessione a questo sito. I sistemi informatici utilizzati da questo sito si basano su cookie temporanei.<\/p>\n<p>&nbsp;<\/p>\n<h3 class=\"titolo-big\"><strong>Gestione dei cookie<\/strong><\/h3>\n<p>\u00c8 possibile disabilitare i cookie sui siti web scaricando appositi software come Ghostery per il browser e disabilitando l\u2019uso dei singoli cookie. In alternativa, \u00e8 possibile attivare la modalit\u00e0 \u201cnavigazione anonima\u201d, una funzione che permette di navigare senza lasciare tracce dei dati di navigazione nel browser. Questa funzione consente unicamente di non conservare i dati di navigazione nel browser.<br \/>\nIn alternativa, \u00e8 possibile disattivare\/eliminare i cookie accedendo al pannello di configurazione del browser.<\/p>\n<p>&nbsp;<\/p>\n<h3 class=\"titolo-big\"><strong>Accettazione e blocco dei cookie<\/strong><\/h3>\n<p>Proseguendo nella navigazione di questo sito \u2013 chiudendo il banner informativo o cliccando in qualsiasi punto della pagina oppure effettuando uno scroll per visualizzare altri contenuti \u2013 si manifesta l\u2019accettazione dell\u2019uso dei cookie. In caso contrario, eventuali cookie gi\u00e0 memorizzati localmente nel browser non verranno pi\u00f9 letti n\u00e9 utilizzati da noi fino a una successiva visita e accettazione della policy. L\u2019utente potr\u00e0 sempre rimuovere questi cookie in qualsiasi momento, utilizzando i metodi sopra indicati.<\/p>\n<\/div>\n","protected":false},"excerpt":{"rendered":"COSA SONO I COOKIE? &nbsp; I cookie sono piccoli file di testo inviati dal sito web al terminale dell\u2019utente (di solito al browser), dove vengono memorizzati per poi essere ritrasmessi allo stesso sito alla visita successiva dello stesso utente. Un cookie non pu\u00f2 recuperare altri dati dal disco rigido dell\u2019utente, n\u00e9 trasmettere virus informatici o&#8230; <a class=\"view-article\" href=\"https:\/\/bcm.digitalia.website\/it\/cookie-policy\/\">View Article<\/a>","protected":false},"author":1,"featured_media":0,"parent":0,"menu_order":1500,"comment_status":"closed","ping_status":"closed","template":"template-demo.php","meta":{"footnotes":""},"class_list":["post-156","page","type-page","status-publish","hentry"],"acf":[],"yoast_head":"<!-- This site is optimized with the Yoast SEO plugin v26.7 - https:\/\/yoast.com\/wordpress\/plugins\/seo\/ -->\n<title>Cookie Policy - BCM: Soluzioni di luce versatili, affidabili e sicure<\/title>\n<meta name=\"robots\" content=\"noindex, nofollow\" \/>\n<meta property=\"og:locale\" content=\"it_IT\" \/>\n<meta property=\"og:type\" content=\"article\" \/>\n<meta property=\"og:title\" content=\"Cookie Policy - BCM: Soluzioni di luce versatili, affidabili e sicure\" \/>\n<meta property=\"og:description\" content=\"COSA SONO I COOKIE? &nbsp; I cookie sono piccoli file di testo inviati dal sito web al terminale dell\u2019utente (di solito al browser), dove vengono memorizzati per poi essere ritrasmessi allo stesso sito alla visita successiva dello stesso utente. Un cookie non pu\u00f2 recuperare altri dati dal disco rigido dell\u2019utente, n\u00e9 trasmettere virus informatici o... View Article\" \/>\n<meta property=\"og:url\" content=\"https:\/\/bcm.digitalia.website\/it\/cookie-policy\/\" \/>\n<meta property=\"og:site_name\" content=\"BCM\" \/>\n<meta property=\"article:modified_time\" content=\"2025-05-30T16:05:43+00:00\" \/>\n<meta name=\"twitter:card\" content=\"summary_large_image\" \/>\n<meta name=\"twitter:label1\" content=\"Tempo di lettura stimato\" \/>\n\t<meta name=\"twitter:data1\" content=\"6 minuti\" \/>\n<script type=\"application\/ld+json\" class=\"yoast-schema-graph\">{\"@context\":\"https:\/\/schema.org\",\"@graph\":[{\"@type\":\"WebPage\",\"@id\":\"https:\/\/bcm.digitalia.website\/it\/cookie-policy\/\",\"url\":\"https:\/\/bcm.digitalia.website\/it\/cookie-policy\/\",\"name\":\"Cookie Policy - BCM: Soluzioni di luce versatili, affidabili e sicure\",\"isPartOf\":{\"@id\":\"https:\/\/bcm.digitalia.website\/it\/#website\"},\"datePublished\":\"2023-07-03T09:54:12+00:00\",\"dateModified\":\"2025-05-30T16:05:43+00:00\",\"breadcrumb\":{\"@id\":\"https:\/\/bcm.digitalia.website\/it\/cookie-policy\/#breadcrumb\"},\"inLanguage\":\"it-IT\",\"potentialAction\":[{\"@type\":\"ReadAction\",\"target\":[\"https:\/\/bcm.digitalia.website\/it\/cookie-policy\/\"]}]},{\"@type\":\"BreadcrumbList\",\"@id\":\"https:\/\/bcm.digitalia.website\/it\/cookie-policy\/#breadcrumb\",\"itemListElement\":[{\"@type\":\"ListItem\",\"position\":1,\"name\":\"Home\",\"item\":\"https:\/\/bcm.digitalia.website\/it\/\"},{\"@type\":\"ListItem\",\"position\":2,\"name\":\"Cookie Policy\"}]},{\"@type\":\"WebSite\",\"@id\":\"https:\/\/bcm.digitalia.website\/it\/#website\",\"url\":\"https:\/\/bcm.digitalia.website\/it\/\",\"name\":\"BCM\",\"description\":\"Illuminazione\",\"potentialAction\":[{\"@type\":\"SearchAction\",\"target\":{\"@type\":\"EntryPoint\",\"urlTemplate\":\"https:\/\/bcm.digitalia.website\/it\/?s={search_term_string}\"},\"query-input\":{\"@type\":\"PropertyValueSpecification\",\"valueRequired\":true,\"valueName\":\"search_term_string\"}}],\"inLanguage\":\"it-IT\"}]}<\/script>\n<!-- \/ Yoast SEO plugin. -->","yoast_head_json":{"title":"Cookie Policy - BCM: Soluzioni di luce versatili, affidabili e sicure","robots":{"index":"noindex","follow":"nofollow"},"og_locale":"it_IT","og_type":"article","og_title":"Cookie Policy - BCM: Soluzioni di luce versatili, affidabili e sicure","og_description":"COSA SONO I COOKIE? &nbsp; I cookie sono piccoli file di testo inviati dal sito web al terminale dell\u2019utente (di solito al browser), dove vengono memorizzati per poi essere ritrasmessi allo stesso sito alla visita successiva dello stesso utente. Un cookie non pu\u00f2 recuperare altri dati dal disco rigido dell\u2019utente, n\u00e9 trasmettere virus informatici o... View Article","og_url":"https:\/\/bcm.digitalia.website\/it\/cookie-policy\/","og_site_name":"BCM","article_modified_time":"2025-05-30T16:05:43+00:00","twitter_card":"summary_large_image","twitter_misc":{"Tempo di lettura stimato":"6 minuti"},"schema":{"@context":"https:\/\/schema.org","@graph":[{"@type":"WebPage","@id":"https:\/\/bcm.digitalia.website\/it\/cookie-policy\/","url":"https:\/\/bcm.digitalia.website\/it\/cookie-policy\/","name":"Cookie Policy - BCM: Soluzioni di luce versatili, affidabili e sicure","isPartOf":{"@id":"https:\/\/bcm.digitalia.website\/it\/#website"},"datePublished":"2023-07-03T09:54:12+00:00","dateModified":"2025-05-30T16:05:43+00:00","breadcrumb":{"@id":"https:\/\/bcm.digitalia.website\/it\/cookie-policy\/#breadcrumb"},"inLanguage":"it-IT","potentialAction":[{"@type":"ReadAction","target":["https:\/\/bcm.digitalia.website\/it\/cookie-policy\/"]}]},{"@type":"BreadcrumbList","@id":"https:\/\/bcm.digitalia.website\/it\/cookie-policy\/#breadcrumb","itemListElement":[{"@type":"ListItem","position":1,"name":"Home","item":"https:\/\/bcm.digitalia.website\/it\/"},{"@type":"ListItem","position":2,"name":"Cookie Policy"}]},{"@type":"WebSite","@id":"https:\/\/bcm.digitalia.website\/it\/#website","url":"https:\/\/bcm.digitalia.website\/it\/","name":"BCM","description":"Illuminazione","potentialAction":[{"@type":"SearchAction","target":{"@type":"EntryPoint","urlTemplate":"https:\/\/bcm.digitalia.website\/it\/?s={search_term_string}"},"query-input":{"@type":"PropertyValueSpecification","valueRequired":true,"valueName":"search_term_string"}}],"inLanguage":"it-IT"}]}},"_links":{"self":[{"href":"https:\/\/bcm.digitalia.website\/it\/wp-json\/wp\/v2\/pages\/156","targetHints":{"allow":["GET"]}}],"collection":[{"href":"https:\/\/bcm.digitalia.website\/it\/wp-json\/wp\/v2\/pages"}],"about":[{"href":"https:\/\/bcm.digitalia.website\/it\/wp-json\/wp\/v2\/types\/page"}],"author":[{"embeddable":true,"href":"https:\/\/bcm.digitalia.website\/it\/wp-json\/wp\/v2\/users\/1"}],"replies":[{"embeddable":true,"href":"https:\/\/bcm.digitalia.website\/it\/wp-json\/wp\/v2\/comments?post=156"}],"version-history":[{"count":4,"href":"https:\/\/bcm.digitalia.website\/it\/wp-json\/wp\/v2\/pages\/156\/revisions"}],"predecessor-version":[{"id":541,"href":"https:\/\/bcm.digitalia.website\/it\/wp-json\/wp\/v2\/pages\/156\/revisions\/541"}],"wp:attachment":[{"href":"https:\/\/bcm.digitalia.website\/it\/wp-json\/wp\/v2\/media?parent=156"}],"curies":[{"name":"wp","href":"https:\/\/api.w.org\/{rel}","templated":true}]}}