{"id":210,"date":"2023-07-03T10:50:18","date_gmt":"2023-07-03T08:50:18","guid":{"rendered":"https:\/\/bcm.digitalia.website\/about-us\/"},"modified":"2026-04-13T17:52:57","modified_gmt":"2026-04-13T15:52:57","slug":"about-us","status":"publish","type":"page","link":"https:\/\/bcm.digitalia.website\/it\/about-us\/","title":{"rendered":"About Us"},"content":{"rendered":"","protected":false},"excerpt":{"rendered":"","protected":false},"author":1,"featured_media":0,"parent":0,"menu_order":10,"comment_status":"closed","ping_status":"closed","template":"template-about.php","meta":{"footnotes":""},"class_list":["post-210","page","type-page","status-publish","hentry"],"acf":[],"yoast_head":"<!-- This site is optimized with the Yoast SEO plugin v26.7 - https:\/\/yoast.com\/wordpress\/plugins\/seo\/ -->\n<title>About Us - BCM: Soluzioni di luce versatili, affidabili e sicure<\/title>\n<meta name=\"description\" content=\"Dal 1959 lavoriamo per creare luci che durino nel tempo. Perch\u00e9 il mare ha le sue regole e noi le conosciamo:Qualit\u00e0, Affidabilit\u00e0, Sicurezza.\" \/>\n<meta name=\"robots\" content=\"noindex, follow, max-snippet:-1, max-image-preview:large, max-video-preview:-1\" \/>\n<meta property=\"og:locale\" content=\"it_IT\" \/>\n<meta property=\"og:type\" content=\"article\" \/>\n<meta property=\"og:title\" content=\"About Us - BCM: Soluzioni di luce versatili, affidabili e sicure\" \/>\n<meta property=\"og:description\" content=\"Dal 1959 lavoriamo per creare luci che durino nel tempo. Perch\u00e9 il mare ha le sue regole e noi le conosciamo:Qualit\u00e0, Affidabilit\u00e0, Sicurezza.\" \/>\n<meta property=\"og:url\" content=\"https:\/\/bcm.digitalia.website\/it\/about-us\/\" \/>\n<meta property=\"og:site_name\" content=\"BCM\" \/>\n<meta property=\"article:modified_time\" content=\"2026-04-13T15:52:57+00:00\" \/>\n<meta name=\"twitter:card\" content=\"summary_large_image\" \/>\n<meta name=\"twitter:label1\" content=\"Tempo di lettura stimato\" \/>\n\t<meta name=\"twitter:data1\" content=\"5 minuti\" \/>\n<script type=\"application\/ld+json\" class=\"yoast-schema-graph\">{\"@context\":\"https:\/\/schema.org\",\"@graph\":[{\"@type\":\"WebPage\",\"@id\":\"https:\/\/bcm.digitalia.website\/it\/about-us\/\",\"url\":\"https:\/\/bcm.digitalia.website\/it\/about-us\/\",\"name\":\"About Us - BCM: Soluzioni di luce versatili, affidabili e sicure\",\"isPartOf\":{\"@id\":\"https:\/\/bcm.digitalia.website\/it\/#website\"},\"datePublished\":\"2023-07-03T08:50:18+00:00\",\"dateModified\":\"2026-04-13T15:52:57+00:00\",\"description\":\"Dal 1959 lavoriamo per creare luci che durino nel tempo. Perch\u00e9 il mare ha le sue regole e noi le conosciamo:Qualit\u00e0, Affidabilit\u00e0, Sicurezza.\",\"breadcrumb\":{\"@id\":\"https:\/\/bcm.digitalia.website\/it\/about-us\/#breadcrumb\"},\"inLanguage\":\"it-IT\",\"potentialAction\":[{\"@type\":\"ReadAction\",\"target\":[\"https:\/\/bcm.digitalia.website\/it\/about-us\/\"]}]},{\"@type\":\"BreadcrumbList\",\"@id\":\"https:\/\/bcm.digitalia.website\/it\/about-us\/#breadcrumb\",\"itemListElement\":[{\"@type\":\"ListItem\",\"position\":1,\"name\":\"Home\",\"item\":\"https:\/\/bcm.digitalia.website\/it\/\"},{\"@type\":\"ListItem\",\"position\":2,\"name\":\"About Us\"}]},{\"@type\":\"WebSite\",\"@id\":\"https:\/\/bcm.digitalia.website\/it\/#website\",\"url\":\"https:\/\/bcm.digitalia.website\/it\/\",\"name\":\"BCM\",\"description\":\"Illuminazione\",\"potentialAction\":[{\"@type\":\"SearchAction\",\"target\":{\"@type\":\"EntryPoint\",\"urlTemplate\":\"https:\/\/bcm.digitalia.website\/it\/?s={search_term_string}\"},\"query-input\":{\"@type\":\"PropertyValueSpecification\",\"valueRequired\":true,\"valueName\":\"search_term_string\"}}],\"inLanguage\":\"it-IT\"}]}<\/script>\n<!-- \/ Yoast SEO plugin. -->","yoast_head_json":{"title":"About Us - BCM: Soluzioni di luce versatili, affidabili e sicure","description":"Dal 1959 lavoriamo per creare luci che durino nel tempo. Perch\u00e9 il mare ha le sue regole e noi le conosciamo:Qualit\u00e0, Affidabilit\u00e0, Sicurezza.","robots":{"index":"noindex","follow":"follow","max-snippet":"max-snippet:-1","max-image-preview":"max-image-preview:large","max-video-preview":"max-video-preview:-1"},"og_locale":"it_IT","og_type":"article","og_title":"About Us - BCM: Soluzioni di luce versatili, affidabili e sicure","og_description":"Dal 1959 lavoriamo per creare luci che durino nel tempo. Perch\u00e9 il mare ha le sue regole e noi le conosciamo:Qualit\u00e0, Affidabilit\u00e0, Sicurezza.","og_url":"https:\/\/bcm.digitalia.website\/it\/about-us\/","og_site_name":"BCM","article_modified_time":"2026-04-13T15:52:57+00:00","twitter_card":"summary_large_image","twitter_misc":{"Tempo di lettura stimato":"5 minuti"},"schema":{"@context":"https:\/\/schema.org","@graph":[{"@type":"WebPage","@id":"https:\/\/bcm.digitalia.website\/it\/about-us\/","url":"https:\/\/bcm.digitalia.website\/it\/about-us\/","name":"About Us - BCM: Soluzioni di luce versatili, affidabili e sicure","isPartOf":{"@id":"https:\/\/bcm.digitalia.website\/it\/#website"},"datePublished":"2023-07-03T08:50:18+00:00","dateModified":"2026-04-13T15:52:57+00:00","description":"Dal 1959 lavoriamo per creare luci che durino nel tempo. Perch\u00e9 il mare ha le sue regole e noi le conosciamo:Qualit\u00e0, Affidabilit\u00e0, Sicurezza.","breadcrumb":{"@id":"https:\/\/bcm.digitalia.website\/it\/about-us\/#breadcrumb"},"inLanguage":"it-IT","potentialAction":[{"@type":"ReadAction","target":["https:\/\/bcm.digitalia.website\/it\/about-us\/"]}]},{"@type":"BreadcrumbList","@id":"https:\/\/bcm.digitalia.website\/it\/about-us\/#breadcrumb","itemListElement":[{"@type":"ListItem","position":1,"name":"Home","item":"https:\/\/bcm.digitalia.website\/it\/"},{"@type":"ListItem","position":2,"name":"About Us"}]},{"@type":"WebSite","@id":"https:\/\/bcm.digitalia.website\/it\/#website","url":"https:\/\/bcm.digitalia.website\/it\/","name":"BCM","description":"Illuminazione","potentialAction":[{"@type":"SearchAction","target":{"@type":"EntryPoint","urlTemplate":"https:\/\/bcm.digitalia.website\/it\/?s={search_term_string}"},"query-input":{"@type":"PropertyValueSpecification","valueRequired":true,"valueName":"search_term_string"}}],"inLanguage":"it-IT"}]}},"_links":{"self":[{"href":"https:\/\/bcm.digitalia.website\/it\/wp-json\/wp\/v2\/pages\/210","targetHints":{"allow":["GET"]}}],"collection":[{"href":"https:\/\/bcm.digitalia.website\/it\/wp-json\/wp\/v2\/pages"}],"about":[{"href":"https:\/\/bcm.digitalia.website\/it\/wp-json\/wp\/v2\/types\/page"}],"author":[{"embeddable":true,"href":"https:\/\/bcm.digitalia.website\/it\/wp-json\/wp\/v2\/users\/1"}],"replies":[{"embeddable":true,"href":"https:\/\/bcm.digitalia.website\/it\/wp-json\/wp\/v2\/comments?post=210"}],"version-history":[{"count":14,"href":"https:\/\/bcm.digitalia.website\/it\/wp-json\/wp\/v2\/pages\/210\/revisions"}],"predecessor-version":[{"id":886,"href":"https:\/\/bcm.digitalia.website\/it\/wp-json\/wp\/v2\/pages\/210\/revisions\/886"}],"wp:attachment":[{"href":"https:\/\/bcm.digitalia.website\/it\/wp-json\/wp\/v2\/media?parent=210"}],"curies":[{"name":"wp","href":"https:\/\/api.w.org\/{rel}","templated":true}]}}